{"id":412,"date":"2019-11-03T04:24:39","date_gmt":"2019-11-03T04:24:39","guid":{"rendered":"https:\/\/koellich.at\/?page_id=412"},"modified":"2020-03-05T14:27:06","modified_gmt":"2020-03-05T14:27:06","slug":"datenschutz","status":"publish","type":"page","link":"https:\/\/koellich.at\/index.php\/datenschutz\/","title":{"rendered":"Datenschutz"},"content":{"rendered":"\n<p><strong>Datenschutzerkl\u00e4rung <br>Ing. Johann K\u00f6llich<\/strong><br><br><strong><a href=\"https:\/\/www.koellich.at\/bestimmungen\/bestimmungen_speicherplattform_flowspot_2020_V3_1.pdf\">Bestimmungen f\u00fcr die Verwendung des  FlowSpot\u00aePortals<\/a><\/strong><\/p>\n\n\n\n<ol class=\"wp-block-list\"><li>Grunds\u00e4tzliches zu Datenschutz- und Cookiehinweisen <br>Dem Unternehmen Ing. Johann K\u00f6llich, Kirschentheuer 46, 9162 Ferlach ist es ein wichtiges Anliegen, Ihre personenbezogenen Daten ausreichend zu sch\u00fctzen. Wir beachten deshalb die anwendbaren Rechtsvorschriften, insbesondere die Datenschutzgrundverordnung (&#8222;DSGVO&#8220;), das Datenschutzgesetz 2018 und das Datenschutz-Anpassungsgesetz (&#8222;DSG&#8220;), zum Schutz, rechtm\u00e4\u00dfigen Umgang und Geheimhaltung personenbezogener Daten sowie zur Datensicherheit. <br> Im Folgenden erfahren Sie, welche Informationen wir gegebenenfalls erheben, verarbeiten und nutzen, wenn Sie per E-Mail mit uns in Verbindung treten, oder wenn Sie unsere Webseiten https:\/\/www.koellich.at, https:\/\/www.inmyhand.at bzw. unser  FlowSpot\u00aePortal https:\/\/ucs.flowspot.at besuchen und nutzen.<\/li><li>Was sind personenbezogene Daten? <br>Personenbezogene Daten sind Informationen \u00fcber Betroffene, deren Identit\u00e4t bestimmt oder zumindest bestimmbar ist. Darunter fallen etwa Ihr Name, Ihre Adresse oder Ihre E-Mail-Adresse und Telefonnummer. <\/li><li>Welche Daten erfassen wir von Ihnen? <br>Nutzerdaten: Wenn Sie \u00fcber unsere Website oder per Email eine Buchung vornehmen bzw. eine Nutzung der Speicherplattform vereinbaren, erfassen wir die von Ihnen angegebenen personenbezogenen Informationen (Anrede, Name, E-Mail-Adresse, Anschrift und Telefonnummer). F\u00fcr das Ausstellen eines Zeugnisses werden auch das Geburtsdatum und der Geburtsort erfasst. <br>Technische Daten: Wir erfassen die IP Adresse Ihres Ger\u00e4ts, den verwendeten Internetbrowser, die Browsersprache, Ihr Betriebssystem, die auf unserer Website angeforderten Dateien, Ihre Einstellungen zu Java, Bildschirmaufl\u00f6sung, Farbtiefe, Ihr Klickverhalten auf der Website (Uhrzeit des Zugriffs, Klicks) sowie die Internetseite, von der aus Sie uns besuchen (Referrer URL). <\/li><li>Wie erheben wir Ihre Daten? <br>Die Daten, die bei Ihrem Besuch unserer Webseite anfallen, erheben wir automatisiert. Ansonsten erheben wir die Daten nur auf Grund Ihrer Eingaben auf unserer Webseite bzw. auf unseren Registrierungs- und Buchungsformularen.<\/li><li>Wof\u00fcr nutzen wir Ihre Daten? <br>Wir verwenden Ihre personenbezogenen Daten zu Verbesserungen unserer Services und unserer Website, Erh\u00f6hung der Benutzerfreundlichkeit, zur Personalisierung der Services f\u00fcr Nutzer der Website durch die tempor\u00e4re Speicherung von Suchparametern, sowie zur Vertragserf\u00fcllung bei Buchungen und Registrierungen \u00fcber die Website, E-Mails und Formulare.<br> Eine Weitergabe der Daten an Dritte, au\u00dfer gegen\u00fcber Beh\u00f6rden oder gesetzlichen Auskunftsanspr\u00fcchen Dritter, erfolgt nur in dem in dieser Erkl\u00e4rung genannten Umfang. Sofern Sie ausdr\u00fccklich Ihre Einwilligung nach Art 6 Abs 1 lit a DSGVO erteilt haben, verwenden wir Ihre bekannt gegebenen personenbezogenen Daten (Name, Adresse und E-Mail-Adresse) f\u00fcr folgende beschriebene Direktmarketinginteressen: <br> a)    Zusendung wichtiger Informationen w\u00e4hrend der Umsetzung von Trainingsprogrammen<br> b)    Informationen zu neuen Angeboten und Neuentwicklungen<br> c)    Zusendung von Newsletter im Rahmen bestimmter Websiteaktivit\u00e4ten<br> d)    Zusendung von Einladungen zu Informationsveranstaltungen<br> Sie willigen im Rahmen der Einverst\u00e4ndniserkl\u00e4rung zur Verwendung der Speicherplattform durch Aktivierung des gesonderten K\u00e4stchens mit der Auswahl mittels H\u00e4kchen ein, dass die von Ihnen freiwillig zur Verf\u00fcgung gestellte Adresse und Ihr Name f\u00fcr die Zusendung von Informations-E-Mails verwendet werden kann. <\/li><li>Wie werden Ihre Daten gesch\u00fctzt? <br>Wir treffen angemessene technische und organisatorische Sicherheitsma\u00dfnahmen im Sinne des Art 5 Abs 1 lit f bzw Art 32 DSGVO, um Ihre personenbezogenen Daten gegen unbeabsichtigte oder unrechtm\u00e4\u00dfige L\u00f6schung, Ver\u00e4nderung, Sch\u00e4digung oder gegen Verlust und gegen unberechtigte Weitergabe oder unberechtigten Zugriff zu sch\u00fctzen. Dar\u00fcber hinaus sind wir und unsere Mitarbeiter zur Einhaltung des Datengeheimnisses verpflichtet.<br>Die Verwendung des  FlowSpot\u00aePortals https:\/\/ucs.flowspot.at wird mit eigenen Bestimmungen gesondert geregelt. Die aktuellen Bestimmungen finden Sie \u00fcber den Link <br><\/li><li>Verwendet die Website Cookies? <br>Ja, wir verwenden Cookies. Das sind kleine Textdateien, die auf Ihrem Rechner vor\u00fcbergehend abgelegt werden und die Ihr Browser speichert. Mit Hilfe der Cookies kann die Website wichtige Daten speichern. Dadurch wird Ihre Nutzung der Website komfortabler gestaltet. Wie die meisten Websites verwenden wir, sofern Sie dazu Ihre Zustimmung erteilt haben, Cookies f\u00fcr eine Vielzahl von Zwecken, um die Nutzung unserer Website durch Sie zu verbessern. Wenn Sie Ihre Zustimmung nicht erteilen, erfassen wir lediglich anonyme Daten um z.B. die Gesamtanzahl der Besucher unserer Website feststellen zu k\u00f6nnen.<\/li><li>Welche Speicherdauer ist vorgesehen? <br>Wir speichern Ihre personenbezogenen Daten grunds\u00e4tzlich nur solange, als sie zur Erf\u00fcllung unserer Verpflichtungen Ihnen gegen\u00fcber notwendig sind. Aus Gr\u00fcnden der uns treffenden Aufbewahrungspflichten speichern wir Ihre im Zusammenhang mit Registrierungen und Buchungen zur Verf\u00fcgung gestellten personenbezogenen Daten jedoch in der Regel maximal sieben Jahre nach Vertragserf\u00fcllung. Wir speichern Ihre personenbezogenen Daten f\u00fcr Marketingzwecke ebenfalls bis auf Ihren Widerruf und maximal f\u00fcr drei Jahre ab Ihrer letzten Kontaktaufnahme. <\/li><li>Welche Rechte haben Sie? <br>Sie haben das Recht Informationen auf klare, transparente und leicht verst\u00e4ndliche Art und Weise dar\u00fcber zu erhalten, wie wir die personenbezogenen Daten verarbeiten sowie \u00fcber Ihre Rechte als Betroffener (Art 13 ff DSGVO). Daher haben Sie ein Recht auf Auskunft \u00fcber die von uns \u00fcber Sie verarbeiteten personenbezogenen Daten. Zus\u00e4tzlich haben Sie das Recht auf Berichtigung unrichtiger Daten und L\u00f6schung Ihrer Daten (&#8222;Recht auf Vergessenwerden&#8220;). Sie k\u00f6nnen au\u00dferdem ihre Einwilligung zur Verarbeitung personenbezogener Daten mit Wirkung f\u00fcr die Zukunft widerrufen, wenn die Verarbeitung auf Ihre Zustimmung basiert. Ihnen kann weiterhin ein Recht auf Einschr\u00e4nkung der Verarbeitung Ihrer Daten, auf Widerspruch sowie ein Recht auf Herausgabe der von Ihnen bereitgestellten Daten in einem strukturierten, g\u00e4ngigen und maschinenlesbaren Format zustehen (&#8222;Daten\u00fcbertragbarkeit&#8220;). Sie haben die M\u00f6glichkeit, sich mit einer Beschwerde an unseren Datenschutzbeauftragten oder an eine Datenschutzaufsichtsbeh\u00f6rde zu wenden. Die f\u00fcr uns zust\u00e4ndige Datenschutzaufsichtsbeh\u00f6rde ist: \u00d6sterreichische Datenschutzbeh\u00f6rde, Wickenburggasse 8, 1080 Wien, https:\/\/www.dsb.gv.at\/. Bevor Sie eine Beschwerde bei der Datenschutzbeh\u00f6rde einreichen oder bei der Aus\u00fcbung Ihrer oder sonstigen Fragen wenden Sie sich bitte an uns: <br> Ing. Johann K\u00f6llich<br> Kirschentheuer 46<br> 9162 Ferlach<br> E-Mail: hans@koellich.at<br> Telefon:+43 664 3177777<br> Damit wir Ihre Anfrage zu Ihren oben genannten Rechten bearbeiten k\u00f6nnen und um sicherzustellen, dass personenbezogene Daten nicht an unberechtigte Dritte herausgegeben werden, richten Sie bitte die Anfrage unter eindeutiger Identifizierung Ihrer Person sowie mit kurzer Beschreibung \u00fcber den Umfang der Aus\u00fcbung Ihrer oben aufgelisteten Betroffenenrechte. <\/li><li>Schlussbestimmungen <br>Im Zuge der Weiterentwicklung des Internets werden wir auch diese Datenschutzbestimmungen laufend anpassen. \u00c4nderungen werden wir auf der Website rechtzeitig bekanntgeben. Daher sollten Sie diese Datenschutzbestimmungen regelm\u00e4\u00dfig aufrufen, um sich \u00fcber den aktuellen Stand zu informieren. <\/li><\/ol>\n\n\n\n<p>Stand: 2. November 2019 <\/p>\n","protected":false},"excerpt":{"rendered":"<p>Datenschutzerkl\u00e4rung Ing. Johann K\u00f6llich Bestimmungen f\u00fcr die Verwendung des FlowSpot\u00aePortals Grunds\u00e4tzliches zu Datenschutz- und Cookiehinweisen Dem Unternehmen Ing. Johann K\u00f6llich, Kirschentheuer 46, 9162 Ferlach ist es ein wichtiges Anliegen, Ihre personenbezogenen Daten ausreichend zu sch\u00fctzen. Wir beachten deshalb die anwendbaren Rechtsvorschriften, insbesondere die Datenschutzgrundverordnung (&#8222;DSGVO&#8220;), das Datenschutzgesetz 2018 und das Datenschutz-Anpassungsgesetz (&#8222;DSG&#8220;), zum Schutz, rechtm\u00e4\u00dfigen [&hellip;]<\/p>\n","protected":false},"author":1,"featured_media":0,"parent":0,"menu_order":0,"comment_status":"closed","ping_status":"closed","template":"","meta":{"_uag_custom_page_level_css":"","site-sidebar-layout":"default","site-content-layout":"default","ast-site-content-layout":"","site-content-style":"default","site-sidebar-style":"default","ast-global-header-display":"","ast-banner-title-visibility":"","ast-main-header-display":"","ast-hfb-above-header-display":"","ast-hfb-below-header-display":"","ast-hfb-mobile-header-display":"","site-post-title":"","ast-breadcrumbs-content":"","ast-featured-img":"","footer-sml-layout":"","theme-transparent-header-meta":"default","adv-header-id-meta":"","stick-header-meta":"","header-above-stick-meta":"","header-main-stick-meta":"","header-below-stick-meta":"","astra-migrate-meta-layouts":"default","ast-page-background-enabled":"default","ast-page-background-meta":{"desktop":{"background-color":"","background-image":"","background-repeat":"repeat","background-position":"center center","background-size":"auto","background-attachment":"scroll","background-type":"","background-media":"","overlay-type":"","overlay-color":"","overlay-opacity":"","overlay-gradient":""},"tablet":{"background-color":"","background-image":"","background-repeat":"repeat","background-position":"center center","background-size":"auto","background-attachment":"scroll","background-type":"","background-media":"","overlay-type":"","overlay-color":"","overlay-opacity":"","overlay-gradient":""},"mobile":{"background-color":"","background-image":"","background-repeat":"repeat","background-position":"center center","background-size":"auto","background-attachment":"scroll","background-type":"","background-media":"","overlay-type":"","overlay-color":"","overlay-opacity":"","overlay-gradient":""}},"ast-content-background-meta":{"desktop":{"background-color":"var(--ast-global-color-5)","background-image":"","background-repeat":"repeat","background-position":"center center","background-size":"auto","background-attachment":"scroll","background-type":"","background-media":"","overlay-type":"","overlay-color":"","overlay-opacity":"","overlay-gradient":""},"tablet":{"background-color":"var(--ast-global-color-5)","background-image":"","background-repeat":"repeat","background-position":"center center","background-size":"auto","background-attachment":"scroll","background-type":"","background-media":"","overlay-type":"","overlay-color":"","overlay-opacity":"","overlay-gradient":""},"mobile":{"background-color":"var(--ast-global-color-5)","background-image":"","background-repeat":"repeat","background-position":"center center","background-size":"auto","background-attachment":"scroll","background-type":"","background-media":"","overlay-type":"","overlay-color":"","overlay-opacity":"","overlay-gradient":""}},"footnotes":""},"class_list":["post-412","page","type-page","status-publish","hentry"],"yoast_head":"<!-- This site is optimized with the Yoast SEO plugin v24.9 - https:\/\/yoast.com\/wordpress\/plugins\/seo\/ -->\n<title>Datenschutz - Ing. Johann K\u00f6llich<\/title>\n<meta name=\"robots\" content=\"index, follow, max-snippet:-1, max-image-preview:large, max-video-preview:-1\" \/>\n<link rel=\"canonical\" href=\"https:\/\/koellich.at\/index.php\/datenschutz\/\" \/>\n<meta property=\"og:locale\" content=\"de_DE\" \/>\n<meta property=\"og:type\" content=\"article\" \/>\n<meta property=\"og:title\" content=\"Datenschutz - Ing. Johann K\u00f6llich\" \/>\n<meta property=\"og:description\" content=\"Datenschutzerkl\u00e4rung Ing. Johann K\u00f6llich Bestimmungen f\u00fcr die Verwendung des FlowSpot\u00aePortals Grunds\u00e4tzliches zu Datenschutz- und Cookiehinweisen Dem Unternehmen Ing. Johann K\u00f6llich, Kirschentheuer 46, 9162 Ferlach ist es ein wichtiges Anliegen, Ihre personenbezogenen Daten ausreichend zu sch\u00fctzen. Wir beachten deshalb die anwendbaren Rechtsvorschriften, insbesondere die Datenschutzgrundverordnung (&#8222;DSGVO&#8220;), das Datenschutzgesetz 2018 und das Datenschutz-Anpassungsgesetz (&#8222;DSG&#8220;), zum Schutz, rechtm\u00e4\u00dfigen [&hellip;]\" \/>\n<meta property=\"og:url\" content=\"https:\/\/koellich.at\/index.php\/datenschutz\/\" \/>\n<meta property=\"og:site_name\" content=\"Ing. Johann K\u00f6llich\" \/>\n<meta property=\"article:modified_time\" content=\"2020-03-05T14:27:06+00:00\" \/>\n<meta name=\"twitter:card\" content=\"summary_large_image\" \/>\n<meta name=\"twitter:label1\" content=\"Gesch\u00e4tzte Lesezeit\" \/>\n\t<meta name=\"twitter:data1\" content=\"5\u00a0Minuten\" \/>\n<script type=\"application\/ld+json\" class=\"yoast-schema-graph\">{\"@context\":\"https:\/\/schema.org\",\"@graph\":[{\"@type\":\"WebPage\",\"@id\":\"https:\/\/koellich.at\/index.php\/datenschutz\/\",\"url\":\"https:\/\/koellich.at\/index.php\/datenschutz\/\",\"name\":\"Datenschutz - Ing. Johann K\u00f6llich\",\"isPartOf\":{\"@id\":\"https:\/\/koellich.at\/#website\"},\"datePublished\":\"2019-11-03T04:24:39+00:00\",\"dateModified\":\"2020-03-05T14:27:06+00:00\",\"breadcrumb\":{\"@id\":\"https:\/\/koellich.at\/index.php\/datenschutz\/#breadcrumb\"},\"inLanguage\":\"de\",\"potentialAction\":[{\"@type\":\"ReadAction\",\"target\":[\"https:\/\/koellich.at\/index.php\/datenschutz\/\"]}]},{\"@type\":\"BreadcrumbList\",\"@id\":\"https:\/\/koellich.at\/index.php\/datenschutz\/#breadcrumb\",\"itemListElement\":[{\"@type\":\"ListItem\",\"position\":1,\"name\":\"Home\",\"item\":\"https:\/\/koellich.at\/\"},{\"@type\":\"ListItem\",\"position\":2,\"name\":\"Datenschutz\"}]},{\"@type\":\"WebSite\",\"@id\":\"https:\/\/koellich.at\/#website\",\"url\":\"https:\/\/koellich.at\/\",\"name\":\"Ing. Johann K\u00f6llich\",\"description\":\"Menschen begeistern\",\"publisher\":{\"@id\":\"https:\/\/koellich.at\/#organization\"},\"potentialAction\":[{\"@type\":\"SearchAction\",\"target\":{\"@type\":\"EntryPoint\",\"urlTemplate\":\"https:\/\/koellich.at\/?s={search_term_string}\"},\"query-input\":{\"@type\":\"PropertyValueSpecification\",\"valueRequired\":true,\"valueName\":\"search_term_string\"}}],\"inLanguage\":\"de\"},{\"@type\":\"Organization\",\"@id\":\"https:\/\/koellich.at\/#organization\",\"name\":\"Ing. Johann K\u00f6llich\",\"url\":\"https:\/\/koellich.at\/\",\"logo\":{\"@type\":\"ImageObject\",\"inLanguage\":\"de\",\"@id\":\"https:\/\/koellich.at\/#\/schema\/logo\/image\/\",\"url\":\"https:\/\/koellich.at\/wp-content\/uploads\/2019\/11\/cropped-energiefeld_red4_139_0_0_unternehmensberatung-e1574594792497.png\",\"contentUrl\":\"https:\/\/koellich.at\/wp-content\/uploads\/2019\/11\/cropped-energiefeld_red4_139_0_0_unternehmensberatung-e1574594792497.png\",\"width\":60,\"height\":59,\"caption\":\"Ing. Johann K\u00f6llich\"},\"image\":{\"@id\":\"https:\/\/koellich.at\/#\/schema\/logo\/image\/\"}}]}<\/script>\n<!-- \/ Yoast SEO plugin. -->","yoast_head_json":{"title":"Datenschutz - Ing. Johann K\u00f6llich","robots":{"index":"index","follow":"follow","max-snippet":"max-snippet:-1","max-image-preview":"max-image-preview:large","max-video-preview":"max-video-preview:-1"},"canonical":"https:\/\/koellich.at\/index.php\/datenschutz\/","og_locale":"de_DE","og_type":"article","og_title":"Datenschutz - Ing. Johann K\u00f6llich","og_description":"Datenschutzerkl\u00e4rung Ing. Johann K\u00f6llich Bestimmungen f\u00fcr die Verwendung des FlowSpot\u00aePortals Grunds\u00e4tzliches zu Datenschutz- und Cookiehinweisen Dem Unternehmen Ing. Johann K\u00f6llich, Kirschentheuer 46, 9162 Ferlach ist es ein wichtiges Anliegen, Ihre personenbezogenen Daten ausreichend zu sch\u00fctzen. Wir beachten deshalb die anwendbaren Rechtsvorschriften, insbesondere die Datenschutzgrundverordnung (&#8222;DSGVO&#8220;), das Datenschutzgesetz 2018 und das Datenschutz-Anpassungsgesetz (&#8222;DSG&#8220;), zum Schutz, rechtm\u00e4\u00dfigen [&hellip;]","og_url":"https:\/\/koellich.at\/index.php\/datenschutz\/","og_site_name":"Ing. Johann K\u00f6llich","article_modified_time":"2020-03-05T14:27:06+00:00","twitter_card":"summary_large_image","twitter_misc":{"Gesch\u00e4tzte Lesezeit":"5\u00a0Minuten"},"schema":{"@context":"https:\/\/schema.org","@graph":[{"@type":"WebPage","@id":"https:\/\/koellich.at\/index.php\/datenschutz\/","url":"https:\/\/koellich.at\/index.php\/datenschutz\/","name":"Datenschutz - Ing. Johann K\u00f6llich","isPartOf":{"@id":"https:\/\/koellich.at\/#website"},"datePublished":"2019-11-03T04:24:39+00:00","dateModified":"2020-03-05T14:27:06+00:00","breadcrumb":{"@id":"https:\/\/koellich.at\/index.php\/datenschutz\/#breadcrumb"},"inLanguage":"de","potentialAction":[{"@type":"ReadAction","target":["https:\/\/koellich.at\/index.php\/datenschutz\/"]}]},{"@type":"BreadcrumbList","@id":"https:\/\/koellich.at\/index.php\/datenschutz\/#breadcrumb","itemListElement":[{"@type":"ListItem","position":1,"name":"Home","item":"https:\/\/koellich.at\/"},{"@type":"ListItem","position":2,"name":"Datenschutz"}]},{"@type":"WebSite","@id":"https:\/\/koellich.at\/#website","url":"https:\/\/koellich.at\/","name":"Ing. Johann K\u00f6llich","description":"Menschen begeistern","publisher":{"@id":"https:\/\/koellich.at\/#organization"},"potentialAction":[{"@type":"SearchAction","target":{"@type":"EntryPoint","urlTemplate":"https:\/\/koellich.at\/?s={search_term_string}"},"query-input":{"@type":"PropertyValueSpecification","valueRequired":true,"valueName":"search_term_string"}}],"inLanguage":"de"},{"@type":"Organization","@id":"https:\/\/koellich.at\/#organization","name":"Ing. Johann K\u00f6llich","url":"https:\/\/koellich.at\/","logo":{"@type":"ImageObject","inLanguage":"de","@id":"https:\/\/koellich.at\/#\/schema\/logo\/image\/","url":"https:\/\/koellich.at\/wp-content\/uploads\/2019\/11\/cropped-energiefeld_red4_139_0_0_unternehmensberatung-e1574594792497.png","contentUrl":"https:\/\/koellich.at\/wp-content\/uploads\/2019\/11\/cropped-energiefeld_red4_139_0_0_unternehmensberatung-e1574594792497.png","width":60,"height":59,"caption":"Ing. Johann K\u00f6llich"},"image":{"@id":"https:\/\/koellich.at\/#\/schema\/logo\/image\/"}}]}},"uagb_featured_image_src":{"full":false,"thumbnail":false,"medium":false,"medium_large":false,"large":false,"1536x1536":false,"2048x2048":false},"uagb_author_info":{"display_name":"admin","author_link":"https:\/\/koellich.at\/index.php\/author\/hanskoellich\/"},"uagb_comment_info":0,"uagb_excerpt":"Datenschutzerkl\u00e4rung Ing. Johann K\u00f6llich Bestimmungen f\u00fcr die Verwendung des FlowSpot\u00aePortals Grunds\u00e4tzliches zu Datenschutz- und Cookiehinweisen Dem Unternehmen Ing. Johann K\u00f6llich, Kirschentheuer 46, 9162 Ferlach ist es ein wichtiges Anliegen, Ihre personenbezogenen Daten ausreichend zu sch\u00fctzen. Wir beachten deshalb die anwendbaren Rechtsvorschriften, insbesondere die Datenschutzgrundverordnung (&#8222;DSGVO&#8220;), das Datenschutzgesetz 2018 und das Datenschutz-Anpassungsgesetz (&#8222;DSG&#8220;), zum Schutz, rechtm\u00e4\u00dfigen&hellip;","_links":{"self":[{"href":"https:\/\/koellich.at\/index.php\/wp-json\/wp\/v2\/pages\/412","targetHints":{"allow":["GET"]}}],"collection":[{"href":"https:\/\/koellich.at\/index.php\/wp-json\/wp\/v2\/pages"}],"about":[{"href":"https:\/\/koellich.at\/index.php\/wp-json\/wp\/v2\/types\/page"}],"author":[{"embeddable":true,"href":"https:\/\/koellich.at\/index.php\/wp-json\/wp\/v2\/users\/1"}],"replies":[{"embeddable":true,"href":"https:\/\/koellich.at\/index.php\/wp-json\/wp\/v2\/comments?post=412"}],"version-history":[{"count":10,"href":"https:\/\/koellich.at\/index.php\/wp-json\/wp\/v2\/pages\/412\/revisions"}],"predecessor-version":[{"id":712,"href":"https:\/\/koellich.at\/index.php\/wp-json\/wp\/v2\/pages\/412\/revisions\/712"}],"wp:attachment":[{"href":"https:\/\/koellich.at\/index.php\/wp-json\/wp\/v2\/media?parent=412"}],"curies":[{"name":"wp","href":"https:\/\/api.w.org\/{rel}","templated":true}]}}