{"id":405,"date":"2019-11-03T04:03:17","date_gmt":"2019-11-03T04:03:17","guid":{"rendered":"https:\/\/koellich.at\/?page_id=405"},"modified":"2020-03-05T14:31:14","modified_gmt":"2020-03-05T14:31:14","slug":"impressum","status":"publish","type":"page","link":"https:\/\/koellich.at\/index.php\/impressum\/","title":{"rendered":"Impressum"},"content":{"rendered":"\n<p><strong>ffenlegung nach E-Commerce<\/strong>&#8211;<strong>Gesetz<\/strong><br><strong><br>Medieninhaber, Herausgeber und Eigent\u00fcmer:<\/strong><br>Ing. Johann K\u00f6llich<br><br><strong><a href=\"https:\/\/koellich.at\/index.php\/datenschutz\/\">Datenschutzerkl\u00e4rung<\/a><\/strong><br><strong><a href=\"https:\/\/www.koellich.at\/bestimmungen\/bestimmungen_speicherplattform_flowspot_2020_V3_1.pdf\">Bestimmungen zur Verwendung des  FlowSpot\u00aePortals<\/a><\/strong><a href=\"https:\/\/koellich.at\/wp-content\/uploads\/2019\/11\/datenschutz_speicherplattform_flowspot_2019_V3_0.pdf\"><strong><br><br><\/strong><\/a><strong>Standort<\/strong>:<br>Kirschentheuer 46<br>9162 Ferlach <br>\u00d6sterreich<br><br><strong>Unternehmensgegenstand<\/strong>:<br>Unternehmensberatung, Berufsfotografie und Lebensraum-Consulting<br><br><strong>Kontaktdaten<\/strong>:<br>Tel: +43 4227 2700<br>Fax: +43 4227 2700 9<br>E-mail: <a href=\"mailto:office@flowspot.at\">office@koellich.at<\/a><br><br><strong>Websites<\/strong>:<br><a href=\"https:\/\/www.koellich.at\/\">https:\/\/www.koellich.at<\/a><br><a href=\"https:\/\/www.inmyhand.at\">https:\/\/www.inmyhand.at<\/a><br><a href=\"https:\/\/www.flowspot.at\">https:\/\/www.flowspot.at<\/a><br><a href=\"https:\/\/ucs.flowspot.at\">https:\/\/ucs.flowspot.at<\/a><br><br><strong>UID Nummer<\/strong>:<br>ATU25540206<br><br><strong>Mitgliedschaften bei der Wirtschaftskammerorganisation<\/strong>:<br>Wirtschaftskammer \u00d6sterreich, <br>Wirtschaftskammer K\u00e4rnten, <br>Fachgruppe Unternehmensberatung, Buchhaltung\u00a0 und Informationstechnik <br>Fachgruppe\u00a0 Pers\u00f6nlicher Dienstleister<br>Landesinnung der Berufsfotografen <br><br><strong>T\u00e4tigkeiten und Wirkbereiche<\/strong>:<br>Unternehmensberatung,<br>Lebensraum-Consulting,<br>Wirtschaftstraining,<br>Coaching<br>Berufsfotografie<br><br><strong>Rechtsvorschriften<\/strong>:<br><a rel=\"noreferrer noopener\" aria-label=\"Gewerbeordnung\u00a0 (\u00f6ffnet in neuem Tab)\" href=\"https:\/\/koellich.at\/wp-content\/uploads\/2019\/11\/GewO-1994-Fassung-vom-04.11.2019.pdf\" target=\"_blank\">Gewerbeordnung\u00a0<\/a><br><a rel=\"noreferrer noopener\" aria-label=\"http:\/\/www.ris.bka.gv.at\/  (\u00f6ffnet in neuem Tab)\" href=\"http:\/\/www.ris.bka.gv.at\/\" target=\"_blank\">http:\/\/www.ris.bka.gv.at\/ <\/a><br><br><strong>Gewerbebeh\u00f6rde<\/strong>:<br>Bezirkshauptmannschaft Klagenfurt <br><br><strong>Konzept, Design, technische Umsetzung:<\/strong> <br>Ing. Johann K\u00f6llich<br><br><strong>Fotos<\/strong>: <br>Tanja G\u00fcttersberger | <a rel=\"noreferrer noopener\" href=\"http:\/\/www.fotoszenerie.at\" target=\"_blank\">www.fotoszenerie.at<\/a>  | Daniel Kirchmeier  |   Dieter Arbeiter   |   Ing. Johann K\u00f6llich <\/p>\n\n\n\n<p><\/p>\n","protected":false},"excerpt":{"rendered":"<p>ffenlegung nach E-Commerce&#8211;GesetzMedieninhaber, Herausgeber und Eigent\u00fcmer:Ing. Johann K\u00f6llich Datenschutzerkl\u00e4rungBestimmungen zur Verwendung des FlowSpot\u00aePortals Standort:Kirschentheuer 469162 Ferlach \u00d6sterreich Unternehmensgegenstand:Unternehmensberatung, Berufsfotografie und Lebensraum-Consulting Kontaktdaten:Tel: +43 4227 2700Fax: +43 4227 2700 9E-mail: office@koellich.at Websites:https:\/\/www.koellich.athttps:\/\/www.inmyhand.athttps:\/\/www.flowspot.athttps:\/\/ucs.flowspot.at UID Nummer:ATU25540206 Mitgliedschaften bei der Wirtschaftskammerorganisation:Wirtschaftskammer \u00d6sterreich, Wirtschaftskammer K\u00e4rnten, Fachgruppe Unternehmensberatung, Buchhaltung\u00a0 und Informationstechnik Fachgruppe\u00a0 Pers\u00f6nlicher DienstleisterLandesinnung der Berufsfotografen T\u00e4tigkeiten und Wirkbereiche:Unternehmensberatung,Lebensraum-Consulting,Wirtschaftstraining,CoachingBerufsfotografie Rechtsvorschriften:Gewerbeordnung\u00a0http:\/\/www.ris.bka.gv.at\/ Gewerbebeh\u00f6rde:Bezirkshauptmannschaft [&hellip;]<\/p>\n","protected":false},"author":1,"featured_media":0,"parent":0,"menu_order":0,"comment_status":"closed","ping_status":"closed","template":"","meta":{"_uag_custom_page_level_css":"","site-sidebar-layout":"default","site-content-layout":"default","ast-site-content-layout":"","site-content-style":"default","site-sidebar-style":"default","ast-global-header-display":"","ast-banner-title-visibility":"","ast-main-header-display":"","ast-hfb-above-header-display":"","ast-hfb-below-header-display":"","ast-hfb-mobile-header-display":"","site-post-title":"","ast-breadcrumbs-content":"","ast-featured-img":"","footer-sml-layout":"","theme-transparent-header-meta":"default","adv-header-id-meta":"","stick-header-meta":"","header-above-stick-meta":"","header-main-stick-meta":"","header-below-stick-meta":"","astra-migrate-meta-layouts":"default","ast-page-background-enabled":"default","ast-page-background-meta":{"desktop":{"background-color":"","background-image":"","background-repeat":"repeat","background-position":"center center","background-size":"auto","background-attachment":"scroll","background-type":"","background-media":"","overlay-type":"","overlay-color":"","overlay-opacity":"","overlay-gradient":""},"tablet":{"background-color":"","background-image":"","background-repeat":"repeat","background-position":"center center","background-size":"auto","background-attachment":"scroll","background-type":"","background-media":"","overlay-type":"","overlay-color":"","overlay-opacity":"","overlay-gradient":""},"mobile":{"background-color":"","background-image":"","background-repeat":"repeat","background-position":"center center","background-size":"auto","background-attachment":"scroll","background-type":"","background-media":"","overlay-type":"","overlay-color":"","overlay-opacity":"","overlay-gradient":""}},"ast-content-background-meta":{"desktop":{"background-color":"var(--ast-global-color-5)","background-image":"","background-repeat":"repeat","background-position":"center center","background-size":"auto","background-attachment":"scroll","background-type":"","background-media":"","overlay-type":"","overlay-color":"","overlay-opacity":"","overlay-gradient":""},"tablet":{"background-color":"var(--ast-global-color-5)","background-image":"","background-repeat":"repeat","background-position":"center center","background-size":"auto","background-attachment":"scroll","background-type":"","background-media":"","overlay-type":"","overlay-color":"","overlay-opacity":"","overlay-gradient":""},"mobile":{"background-color":"var(--ast-global-color-5)","background-image":"","background-repeat":"repeat","background-position":"center center","background-size":"auto","background-attachment":"scroll","background-type":"","background-media":"","overlay-type":"","overlay-color":"","overlay-opacity":"","overlay-gradient":""}},"footnotes":""},"class_list":["post-405","page","type-page","status-publish","hentry"],"yoast_head":"<!-- This site is optimized with the Yoast SEO plugin v24.9 - https:\/\/yoast.com\/wordpress\/plugins\/seo\/ -->\n<title>Impressum - Ing. Johann K\u00f6llich<\/title>\n<meta name=\"robots\" content=\"index, follow, max-snippet:-1, max-image-preview:large, max-video-preview:-1\" \/>\n<link rel=\"canonical\" href=\"https:\/\/koellich.at\/index.php\/impressum\/\" \/>\n<meta property=\"og:locale\" content=\"de_DE\" \/>\n<meta property=\"og:type\" content=\"article\" \/>\n<meta property=\"og:title\" content=\"Impressum - Ing. Johann K\u00f6llich\" \/>\n<meta property=\"og:description\" content=\"ffenlegung nach E-Commerce&#8211;GesetzMedieninhaber, Herausgeber und Eigent\u00fcmer:Ing. Johann K\u00f6llich Datenschutzerkl\u00e4rungBestimmungen zur Verwendung des FlowSpot\u00aePortals Standort:Kirschentheuer 469162 Ferlach \u00d6sterreich Unternehmensgegenstand:Unternehmensberatung, Berufsfotografie und Lebensraum-Consulting Kontaktdaten:Tel: +43 4227 2700Fax: +43 4227 2700 9E-mail: office@koellich.at Websites:https:\/\/www.koellich.athttps:\/\/www.inmyhand.athttps:\/\/www.flowspot.athttps:\/\/ucs.flowspot.at UID Nummer:ATU25540206 Mitgliedschaften bei der Wirtschaftskammerorganisation:Wirtschaftskammer \u00d6sterreich, Wirtschaftskammer K\u00e4rnten, Fachgruppe Unternehmensberatung, Buchhaltung\u00a0 und Informationstechnik Fachgruppe\u00a0 Pers\u00f6nlicher DienstleisterLandesinnung der Berufsfotografen T\u00e4tigkeiten und Wirkbereiche:Unternehmensberatung,Lebensraum-Consulting,Wirtschaftstraining,CoachingBerufsfotografie Rechtsvorschriften:Gewerbeordnung\u00a0http:\/\/www.ris.bka.gv.at\/ Gewerbebeh\u00f6rde:Bezirkshauptmannschaft [&hellip;]\" \/>\n<meta property=\"og:url\" content=\"https:\/\/koellich.at\/index.php\/impressum\/\" \/>\n<meta property=\"og:site_name\" content=\"Ing. Johann K\u00f6llich\" \/>\n<meta property=\"article:modified_time\" content=\"2020-03-05T14:31:14+00:00\" \/>\n<meta name=\"twitter:card\" content=\"summary_large_image\" \/>\n<meta name=\"twitter:label1\" content=\"Gesch\u00e4tzte Lesezeit\" \/>\n\t<meta name=\"twitter:data1\" content=\"1\u00a0Minute\" \/>\n<script type=\"application\/ld+json\" class=\"yoast-schema-graph\">{\"@context\":\"https:\/\/schema.org\",\"@graph\":[{\"@type\":\"WebPage\",\"@id\":\"https:\/\/koellich.at\/index.php\/impressum\/\",\"url\":\"https:\/\/koellich.at\/index.php\/impressum\/\",\"name\":\"Impressum - Ing. Johann K\u00f6llich\",\"isPartOf\":{\"@id\":\"https:\/\/koellich.at\/#website\"},\"datePublished\":\"2019-11-03T04:03:17+00:00\",\"dateModified\":\"2020-03-05T14:31:14+00:00\",\"breadcrumb\":{\"@id\":\"https:\/\/koellich.at\/index.php\/impressum\/#breadcrumb\"},\"inLanguage\":\"de\",\"potentialAction\":[{\"@type\":\"ReadAction\",\"target\":[\"https:\/\/koellich.at\/index.php\/impressum\/\"]}]},{\"@type\":\"BreadcrumbList\",\"@id\":\"https:\/\/koellich.at\/index.php\/impressum\/#breadcrumb\",\"itemListElement\":[{\"@type\":\"ListItem\",\"position\":1,\"name\":\"Home\",\"item\":\"https:\/\/koellich.at\/\"},{\"@type\":\"ListItem\",\"position\":2,\"name\":\"Impressum\"}]},{\"@type\":\"WebSite\",\"@id\":\"https:\/\/koellich.at\/#website\",\"url\":\"https:\/\/koellich.at\/\",\"name\":\"Ing. Johann K\u00f6llich\",\"description\":\"Menschen begeistern\",\"publisher\":{\"@id\":\"https:\/\/koellich.at\/#organization\"},\"potentialAction\":[{\"@type\":\"SearchAction\",\"target\":{\"@type\":\"EntryPoint\",\"urlTemplate\":\"https:\/\/koellich.at\/?s={search_term_string}\"},\"query-input\":{\"@type\":\"PropertyValueSpecification\",\"valueRequired\":true,\"valueName\":\"search_term_string\"}}],\"inLanguage\":\"de\"},{\"@type\":\"Organization\",\"@id\":\"https:\/\/koellich.at\/#organization\",\"name\":\"Ing. Johann K\u00f6llich\",\"url\":\"https:\/\/koellich.at\/\",\"logo\":{\"@type\":\"ImageObject\",\"inLanguage\":\"de\",\"@id\":\"https:\/\/koellich.at\/#\/schema\/logo\/image\/\",\"url\":\"https:\/\/koellich.at\/wp-content\/uploads\/2019\/11\/cropped-energiefeld_red4_139_0_0_unternehmensberatung-e1574594792497.png\",\"contentUrl\":\"https:\/\/koellich.at\/wp-content\/uploads\/2019\/11\/cropped-energiefeld_red4_139_0_0_unternehmensberatung-e1574594792497.png\",\"width\":60,\"height\":59,\"caption\":\"Ing. Johann K\u00f6llich\"},\"image\":{\"@id\":\"https:\/\/koellich.at\/#\/schema\/logo\/image\/\"}}]}<\/script>\n<!-- \/ Yoast SEO plugin. -->","yoast_head_json":{"title":"Impressum - Ing. Johann K\u00f6llich","robots":{"index":"index","follow":"follow","max-snippet":"max-snippet:-1","max-image-preview":"max-image-preview:large","max-video-preview":"max-video-preview:-1"},"canonical":"https:\/\/koellich.at\/index.php\/impressum\/","og_locale":"de_DE","og_type":"article","og_title":"Impressum - Ing. Johann K\u00f6llich","og_description":"ffenlegung nach E-Commerce&#8211;GesetzMedieninhaber, Herausgeber und Eigent\u00fcmer:Ing. Johann K\u00f6llich Datenschutzerkl\u00e4rungBestimmungen zur Verwendung des FlowSpot\u00aePortals Standort:Kirschentheuer 469162 Ferlach \u00d6sterreich Unternehmensgegenstand:Unternehmensberatung, Berufsfotografie und Lebensraum-Consulting Kontaktdaten:Tel: +43 4227 2700Fax: +43 4227 2700 9E-mail: office@koellich.at Websites:https:\/\/www.koellich.athttps:\/\/www.inmyhand.athttps:\/\/www.flowspot.athttps:\/\/ucs.flowspot.at UID Nummer:ATU25540206 Mitgliedschaften bei der Wirtschaftskammerorganisation:Wirtschaftskammer \u00d6sterreich, Wirtschaftskammer K\u00e4rnten, Fachgruppe Unternehmensberatung, Buchhaltung\u00a0 und Informationstechnik Fachgruppe\u00a0 Pers\u00f6nlicher DienstleisterLandesinnung der Berufsfotografen T\u00e4tigkeiten und Wirkbereiche:Unternehmensberatung,Lebensraum-Consulting,Wirtschaftstraining,CoachingBerufsfotografie Rechtsvorschriften:Gewerbeordnung\u00a0http:\/\/www.ris.bka.gv.at\/ Gewerbebeh\u00f6rde:Bezirkshauptmannschaft [&hellip;]","og_url":"https:\/\/koellich.at\/index.php\/impressum\/","og_site_name":"Ing. Johann K\u00f6llich","article_modified_time":"2020-03-05T14:31:14+00:00","twitter_card":"summary_large_image","twitter_misc":{"Gesch\u00e4tzte Lesezeit":"1\u00a0Minute"},"schema":{"@context":"https:\/\/schema.org","@graph":[{"@type":"WebPage","@id":"https:\/\/koellich.at\/index.php\/impressum\/","url":"https:\/\/koellich.at\/index.php\/impressum\/","name":"Impressum - Ing. Johann K\u00f6llich","isPartOf":{"@id":"https:\/\/koellich.at\/#website"},"datePublished":"2019-11-03T04:03:17+00:00","dateModified":"2020-03-05T14:31:14+00:00","breadcrumb":{"@id":"https:\/\/koellich.at\/index.php\/impressum\/#breadcrumb"},"inLanguage":"de","potentialAction":[{"@type":"ReadAction","target":["https:\/\/koellich.at\/index.php\/impressum\/"]}]},{"@type":"BreadcrumbList","@id":"https:\/\/koellich.at\/index.php\/impressum\/#breadcrumb","itemListElement":[{"@type":"ListItem","position":1,"name":"Home","item":"https:\/\/koellich.at\/"},{"@type":"ListItem","position":2,"name":"Impressum"}]},{"@type":"WebSite","@id":"https:\/\/koellich.at\/#website","url":"https:\/\/koellich.at\/","name":"Ing. Johann K\u00f6llich","description":"Menschen begeistern","publisher":{"@id":"https:\/\/koellich.at\/#organization"},"potentialAction":[{"@type":"SearchAction","target":{"@type":"EntryPoint","urlTemplate":"https:\/\/koellich.at\/?s={search_term_string}"},"query-input":{"@type":"PropertyValueSpecification","valueRequired":true,"valueName":"search_term_string"}}],"inLanguage":"de"},{"@type":"Organization","@id":"https:\/\/koellich.at\/#organization","name":"Ing. Johann K\u00f6llich","url":"https:\/\/koellich.at\/","logo":{"@type":"ImageObject","inLanguage":"de","@id":"https:\/\/koellich.at\/#\/schema\/logo\/image\/","url":"https:\/\/koellich.at\/wp-content\/uploads\/2019\/11\/cropped-energiefeld_red4_139_0_0_unternehmensberatung-e1574594792497.png","contentUrl":"https:\/\/koellich.at\/wp-content\/uploads\/2019\/11\/cropped-energiefeld_red4_139_0_0_unternehmensberatung-e1574594792497.png","width":60,"height":59,"caption":"Ing. Johann K\u00f6llich"},"image":{"@id":"https:\/\/koellich.at\/#\/schema\/logo\/image\/"}}]}},"uagb_featured_image_src":{"full":false,"thumbnail":false,"medium":false,"medium_large":false,"large":false,"1536x1536":false,"2048x2048":false},"uagb_author_info":{"display_name":"admin","author_link":"https:\/\/koellich.at\/index.php\/author\/hanskoellich\/"},"uagb_comment_info":0,"uagb_excerpt":"ffenlegung nach E-Commerce&#8211;GesetzMedieninhaber, Herausgeber und Eigent\u00fcmer:Ing. Johann K\u00f6llich Datenschutzerkl\u00e4rungBestimmungen zur Verwendung des FlowSpot\u00aePortals Standort:Kirschentheuer 469162 Ferlach \u00d6sterreich Unternehmensgegenstand:Unternehmensberatung, Berufsfotografie und Lebensraum-Consulting Kontaktdaten:Tel: +43 4227 2700Fax: +43 4227 2700 9E-mail: office@koellich.at Websites:https:\/\/www.koellich.athttps:\/\/www.inmyhand.athttps:\/\/www.flowspot.athttps:\/\/ucs.flowspot.at UID Nummer:ATU25540206 Mitgliedschaften bei der Wirtschaftskammerorganisation:Wirtschaftskammer \u00d6sterreich, Wirtschaftskammer K\u00e4rnten, Fachgruppe Unternehmensberatung, Buchhaltung\u00a0 und Informationstechnik Fachgruppe\u00a0 Pers\u00f6nlicher DienstleisterLandesinnung der Berufsfotografen T\u00e4tigkeiten und Wirkbereiche:Unternehmensberatung,Lebensraum-Consulting,Wirtschaftstraining,CoachingBerufsfotografie Rechtsvorschriften:Gewerbeordnung\u00a0http:\/\/www.ris.bka.gv.at\/ Gewerbebeh\u00f6rde:Bezirkshauptmannschaft&hellip;","_links":{"self":[{"href":"https:\/\/koellich.at\/index.php\/wp-json\/wp\/v2\/pages\/405","targetHints":{"allow":["GET"]}}],"collection":[{"href":"https:\/\/koellich.at\/index.php\/wp-json\/wp\/v2\/pages"}],"about":[{"href":"https:\/\/koellich.at\/index.php\/wp-json\/wp\/v2\/types\/page"}],"author":[{"embeddable":true,"href":"https:\/\/koellich.at\/index.php\/wp-json\/wp\/v2\/users\/1"}],"replies":[{"embeddable":true,"href":"https:\/\/koellich.at\/index.php\/wp-json\/wp\/v2\/comments?post=405"}],"version-history":[{"count":18,"href":"https:\/\/koellich.at\/index.php\/wp-json\/wp\/v2\/pages\/405\/revisions"}],"predecessor-version":[{"id":713,"href":"https:\/\/koellich.at\/index.php\/wp-json\/wp\/v2\/pages\/405\/revisions\/713"}],"wp:attachment":[{"href":"https:\/\/koellich.at\/index.php\/wp-json\/wp\/v2\/media?parent=405"}],"curies":[{"name":"wp","href":"https:\/\/api.w.org\/{rel}","templated":true}]}}