{"id":272,"date":"2018-11-27T09:17:08","date_gmt":"2018-11-27T09:17:08","guid":{"rendered":"https:\/\/websitedemos.net\/discover-outdoors\/?page_id=5"},"modified":"2019-11-05T11:23:35","modified_gmt":"2019-11-05T11:23:35","slug":"about","status":"publish","type":"page","link":"https:\/\/koellich.at\/index.php\/about\/","title":{"rendered":"Basis"},"content":{"rendered":"\n<section class=\"wp-block-uagb-section uagb-section__wrap uagb-section__background-image\" id=\"uagb-section-a69d7cb6-9bd3-4837-a405-f94e2df0c5d8\"><div class=\"uagb-section__overlay\"><\/div><div class=\"uagb-section__inner-wrap\">\n<div class=\"wp-block-uagb-advanced-heading\" id=\"uagb-adv-heading-58e0222c-79f0-4f14-942a-ec506fca4eea\"><h1 class=\"uagb-heading-text\">unsere Basis<\/h1><p class=\"uagb-desc-text\"><\/p><\/div>\n\n\n\n<p><\/p>\n<\/div><\/section>\n\n\n\n<section class=\"wp-block-uagb-section uagb-section__wrap uagb-section__background-color\" id=\"uagb-section-9b6cf1ab-69ba-438d-9fd6-e827dceb3703\"><div class=\"uagb-section__overlay\"><\/div><div class=\"uagb-section__inner-wrap\">\n<div class=\"wp-block-columns has-2-columns is-layout-flex wp-container-core-columns-is-layout-28f84493 wp-block-columns-is-layout-flex\">\n<div class=\"wp-block-column is-layout-flow wp-block-column-is-layout-flow\">\n<div class=\"uagb-infobox__outer-wrap\" id=\"uagb-infobox-3a209487-d9b3-4a2a-94c5-67c1aa38dbee\"><div class=\"uagb-infobox__content-wrap uagb-infobox uagb-infobox-has-icon uagb-infobox-icon-above-title uagb-infobox-image-valign-top uagb-infobox-enable-border-radius \"><div class=\"uagb-ifb-left-right-wrap\"><div class=\"uagb-ifb-content\"><div class=\"uagb-ifb-title-wrap\"><span class=\"uagb-ifb-title-prefix\">P<\/span><h2 class=\"uagb-ifb-title\">Was wir bewirken<\/h2><\/div><div class=\"uagb-ifb-separator-parent\"><div class=\"uagb-ifb-separator\"><\/div><\/div><div class=\"uagb-ifb-text-wrap\"><p class=\"uagb-ifb-desc\"><em>Wir machen aus Betroffenen Beteiligte und geben Schritten eine Richtung.<\/em><\/p><\/div><\/div><\/div><\/div><\/div>\n\n\n\n<p><\/p>\n\n\n\n<p>Wenn wir eine klare Ausrichtung haben, dann k\u00f6nnen wir mit unserem t\u00e4glichen Tun das Richtige bewirken. <br>&#8222;Eigenverantwortliche Mitarbeiter und Mitarbeiterinnen&#8220; statt &#8222;fremdbestimmte Ausf\u00fchrungsorgane&#8220; entwickeln gemeinsam in einem dynamischen Prozess standardisierte Abl\u00e4ufe f\u00fcr innovative Unternehmensleistungen.<\/p>\n\n\n\n<p><\/p>\n<\/div>\n\n\n\n<div class=\"wp-block-column is-layout-flow wp-block-column-is-layout-flow\">\n<figure class=\"wp-block-image\"><img loading=\"lazy\" decoding=\"async\" width=\"1024\" height=\"633\" src=\"https:\/\/koellich.at\/wp-content\/uploads\/2019\/11\/harrer_image-1-1024x633.jpg\" alt=\"\" class=\"wp-image-630\" srcset=\"https:\/\/koellich.at\/wp-content\/uploads\/2019\/11\/harrer_image-1-1024x633.jpg 1024w, https:\/\/koellich.at\/wp-content\/uploads\/2019\/11\/harrer_image-1-300x185.jpg 300w, https:\/\/koellich.at\/wp-content\/uploads\/2019\/11\/harrer_image-1-768x475.jpg 768w, https:\/\/koellich.at\/wp-content\/uploads\/2019\/11\/harrer_image-1.jpg 1618w\" sizes=\"auto, (max-width: 1024px) 100vw, 1024px\" \/><figcaption>Prof. Heinrich Harrer mit Ing. Johann K\u00f6llich<\/figcaption><\/figure>\n<\/div>\n<\/div>\n<\/div><\/section>\n\n\n\n<section class=\"wp-block-uagb-section uagb-section__wrap uagb-section__background-color\" id=\"uagb-section-d67cf868-88a3-4b93-afbf-292f614593b0\"><div class=\"uagb-section__overlay\"><\/div><div class=\"uagb-section__inner-wrap\">\n<div class=\"wp-block-columns has-2-columns is-layout-flex wp-container-core-columns-is-layout-28f84493 wp-block-columns-is-layout-flex\">\n<div class=\"wp-block-column is-layout-flow wp-block-column-is-layout-flow\">\n<h2 class=\"wp-block-heading\">Zur Person<br><\/h2>\n\n\n\n<div class=\"uagb-infobox__outer-wrap\" id=\"uagb-infobox-9365db57-9fb1-4699-a388-016af4ed5ebe\"><div class=\"uagb-infobox__content-wrap uagb-infobox uagb-infobox-has-icon uagb-infobox-icon-above-title uagb-infobox-image-valign-top uagb-infobox-enable-border-radius \"><div class=\"uagb-ifb-left-right-wrap\"><div class=\"uagb-ifb-content\"><div class=\"uagb-ifb-title-wrap\"><span class=\"uagb-ifb-title-prefix\">P<\/span><h4 class=\"uagb-ifb-title\">Ing. Johann K\u00f6llich <\/h4><\/div><div class=\"uagb-ifb-separator-parent\"><div class=\"uagb-ifb-separator\"><\/div><\/div><div class=\"uagb-ifb-text-wrap\"><p class=\"uagb-ifb-desc\">Gesch\u00e4ftsf\u00fchrung Unternehmensberatung Ing. Johann K\u00f6llich<br>Externer Lektor an der Alpen Adria-Universit\u00e4t Klagenfurt<br>Lehrgangsleiter und Trainer am WIFI-K\u00e4rnten<\/p><\/div><\/div><\/div><\/div><\/div>\n\n\n\n<figure class=\"wp-block-image is-resized\"><img loading=\"lazy\" decoding=\"async\" src=\"https:\/\/koellich.at\/wp-content\/uploads\/2019\/11\/hans-koellich-16-1024px-2-683x1024.jpg\" alt=\"\" class=\"wp-image-498\" width=\"234\" height=\"350\" srcset=\"https:\/\/koellich.at\/wp-content\/uploads\/2019\/11\/hans-koellich-16-1024px-2.jpg 683w, https:\/\/koellich.at\/wp-content\/uploads\/2019\/11\/hans-koellich-16-1024px-2-200x300.jpg 200w\" sizes=\"auto, (max-width: 234px) 100vw, 234px\" \/><figcaption><em>Ing. Johann K\u00f6llich<\/em><\/figcaption><\/figure>\n\n\n\n<p><\/p>\n\n\n\n<div class=\"uagb-infobox__outer-wrap\" id=\"uagb-infobox-91cdae4a-e1ad-4786-b004-1f2322da8dac\"><div class=\"uagb-infobox__content-wrap uagb-infobox uagb-infobox-has-icon uagb-infobox-icon-above-title uagb-infobox-image-valign-top uagb-infobox-enable-border-radius \"><div class=\"uagb-ifb-left-right-wrap\"><div class=\"uagb-ifb-content\"><div class=\"uagb-ifb-title-wrap\"><span class=\"uagb-ifb-title-prefix\">P<\/span><h4 class=\"uagb-ifb-title\">ERFAHRUNGEN UND KERNKOMPETENZEN <\/h4><\/div><div class=\"uagb-ifb-separator-parent\"><div class=\"uagb-ifb-separator\"><\/div><\/div><div class=\"uagb-ifb-text-wrap\"><\/div><\/div><\/div><\/div><\/div>\n\n\n\n<ul class=\"wp-block-list\"><li>\u00fcber drei\u00dfigj\u00e4hrige internationale und praktische Erfahrung als Berater, Moderator, Trainer und Coach in den Bereichen: Organisations-, Strategie-, Projekt-, Team- und Pers\u00f6nlichkeitsentwicklung in Institutionen, Industrie, Klein- und Mittelbetrieben<\/li><li>Entwicklung und Durchf\u00fchrung des Lehrganges Projektmanagement im WIFI K\u00e4rnten (in Abstimmung mit dem WIFI \u00d6sterreich) als Vorbereitungslehrgang f\u00fcr die Zertifizierung nach den IPMA Kompetenzrichtlinien<\/li><li>Entwicklung und Durchf\u00fchrung von Trainingsprogrammen f\u00fcr F\u00fchrungskr\u00e4fte in Industrie bzw. Klein-und Mittelbetrieben, Institutionen und im \u00f6ffentlichen Dienst.<\/li><\/ul>\n\n\n\n<div class=\"uagb-infobox__outer-wrap\" id=\"uagb-infobox-d9c63d86-87fa-49dc-b5ad-793a2593e174\"><div class=\"uagb-infobox__content-wrap uagb-infobox uagb-infobox-has-icon uagb-infobox-icon-above-title uagb-infobox-image-valign-top uagb-infobox-enable-border-radius \"><div class=\"uagb-ifb-left-right-wrap\"><div class=\"uagb-ifb-content\"><div class=\"uagb-ifb-title-wrap\"><span class=\"uagb-ifb-title-prefix\">P<\/span><h4 class=\"uagb-ifb-title\"><br>UNSERE GRUNDWERTE <\/h4><\/div><div class=\"uagb-ifb-separator-parent\"><div class=\"uagb-ifb-separator\"><\/div><\/div><div class=\"uagb-ifb-text-wrap\"><p class=\"uagb-ifb-desc\"><em>Basis unseres Handelns bilden <\/em><g class=\"gr_ gr_5 gr-alert gr_gramm gr_inline_cards gr_disable_anim_appear Grammar multiReplace\" id=\"5\" data-gr-id=\"5\"><em>jahrzehntelang<\/em><\/g><em> erprobte Ans\u00e4tze und Methoden, die durch folgende Werthaltungen gepr\u00e4gt sind<\/em>:<\/p><\/div><\/div><\/div><\/div><\/div>\n\n\n\n<ul class=\"wp-block-list\"><li>Wertsch\u00f6pfung als Grundlage f\u00fcr Wachstum<\/li><li>Wertsch\u00e4tzung im Umgang mit Mensch und Natur<\/li><li>Freiraum als Voraussetzung f\u00fcr Entfaltung <\/li><\/ul>\n\n\n\n<div class=\"uagb-infobox__outer-wrap\" id=\"uagb-infobox-cb0b82c7-8563-47ca-acdd-aa5f6898510c\"><div class=\"uagb-infobox__content-wrap uagb-infobox uagb-infobox-has-icon uagb-infobox-icon-above-title uagb-infobox-image-valign-top uagb-infobox-enable-border-radius \"><div class=\"uagb-ifb-left-right-wrap\"><div class=\"uagb-ifb-content\"><div class=\"uagb-ifb-title-wrap\"><span class=\"uagb-ifb-title-prefix\">P<\/span><h4 class=\"uagb-ifb-title\"><br>BERATUNGSSCHWERPUNKTE<\/h4><\/div><div class=\"uagb-ifb-separator-parent\"><div class=\"uagb-ifb-separator\"><\/div><\/div><div class=\"uagb-ifb-text-wrap\"><\/div><\/div><\/div><\/div><\/div>\n\n\n\n<ul class=\"wp-block-list\"><li>Unternehmensinterne Entwicklungs- und Trainingsprogramme in den Bereichen Organisation, Strategie, Projektmanagement, Leadership und Pers\u00f6nlichkeit<\/li><li>Coaching f\u00fcr Teams und Einzelpersonen<span style=\"font-size: 1rem;\"> <\/span><\/li><li>Perspektiven-Fotografie <\/li><\/ul>\n\n\n\n<div class=\"uagb-infobox__outer-wrap\" id=\"uagb-infobox-940bc908-f00c-4c8f-8eae-397cea2b7377\"><div class=\"uagb-infobox__content-wrap uagb-infobox uagb-infobox-has-icon uagb-infobox-icon-above-title uagb-infobox-image-valign-top uagb-infobox-enable-border-radius \"><div class=\"uagb-ifb-left-right-wrap\"><div class=\"uagb-ifb-content\"><div class=\"uagb-ifb-title-wrap\"><span class=\"uagb-ifb-title-prefix\">P<\/span><h4 class=\"uagb-ifb-title\"><br>UNSERE PARTNER<\/h4><\/div><div class=\"uagb-ifb-separator-parent\"><div class=\"uagb-ifb-separator\"><\/div><\/div><div class=\"uagb-ifb-text-wrap\"><p class=\"uagb-ifb-desc\"><em>Langfristige Partnerschaften mit Trainern und Institutionen bei der Abwicklung von umfangreicheren Auftr\u00e4gen bilden eine solide Basis f\u00fcr eine erfolgreiche Zusammenarbeit mit unseren Kunden.<\/em><\/p><\/div><\/div><\/div><\/div><\/div>\n\n\n\n<ul class=\"wp-block-list\"><li>WIFI-K\u00e4rnten und WIFI-\u00d6sterreich mit ausgew\u00e4hlten Trainern <\/li><li>Alpen-Adria-Universit\u00e4t Klagenfurt mit ausgew\u00e4hlten Dozenten und Lektoren<\/li><li>Partnerunternehmen im Bereich Unternehmensberatung mit ausgew\u00e4hlten Trainern und Consultants<\/li><li>Gasth\u00f6fe und Hotels im Raum Ferlach und Klagenfurt<\/li><li>Partnerunternehmen f\u00fcr Erlebnisp\u00e4dagogik-Module (Rosental, W\u00f6rthersee und Donauauen)<\/li><\/ul>\n\n\n\n<div class=\"uagb-infobox__outer-wrap\" id=\"uagb-infobox-65c1d432-d4fe-4137-b69a-7b00192c361e\"><div class=\"uagb-infobox__content-wrap uagb-infobox uagb-infobox-has-icon uagb-infobox-icon-above-title uagb-infobox-image-valign-top uagb-infobox-enable-border-radius \"><div class=\"uagb-ifb-left-right-wrap\"><div class=\"uagb-ifb-content\"><div class=\"uagb-ifb-title-wrap\"><span class=\"uagb-ifb-title-prefix\">P<\/span><h4 class=\"uagb-ifb-title\"><br>REFERENZEN UND UNSERE KUNDEN<\/h4><\/div><div class=\"uagb-ifb-separator-parent\"><div class=\"uagb-ifb-separator\"><\/div><\/div><div class=\"uagb-ifb-text-wrap\"><p class=\"uagb-ifb-desc\"><em>Auszug einzelner Kunden<\/em><br><br>Magna Powertrain GmbH &amp; Co KG, Alpen Verbund Austrian Hydro Power AG, Siemens AG, Infineon Techn. Villach AG, Treibacher Industrie AG, K\u00e4rnten Flughafen Betriebs GesmbH, SEZ AG, Payr Engineering GmbH, Wolfgang Denzel Auto AG (BMW), Embatex AG, Propart AG, Kostwein Holding GmbH, Omya GmbH \u00d6sterreich, Haslinger Stahlbau GmbH, GREENoneTEC Solarindustrie GmbH, Bosch Mahle Turbo SystemsTechnology Austria GmbH &amp; Co KG  <br><br>Bundesinstitut f\u00fcr Erwachsenenbildung, Amt der K\u00e4rntner Landesregierung, Stadtwerke Klagenfurt AG, Energie Klagenfurt GmbH, Unabh\u00e4ngiger Verwaltungssenat f\u00fcr K\u00e4rnten, Wirtschaftskammer K\u00e4rnten, WIFI K\u00e4rnten, Junge Wirtschaft, Carnica Region Rosental, Sportunion K\u00e4rnten, Waldverband K\u00e4rnten, Alpen-Adria-Universit\u00e4t Klagenfurt <\/p><\/div><\/div><\/div><\/div><\/div>\n<\/div>\n\n\n\n<div class=\"wp-block-column is-layout-flow wp-block-column-is-layout-flow\">\n<p><\/p>\n<\/div>\n<\/div>\n<\/div><\/section>\n","protected":false},"excerpt":{"rendered":"","protected":false},"author":1,"featured_media":0,"parent":0,"menu_order":0,"comment_status":"closed","ping_status":"closed","template":"","meta":{"_uag_custom_page_level_css":"","site-sidebar-layout":"no-sidebar","site-content-layout":"page-builder","ast-site-content-layout":"","site-content-style":"default","site-sidebar-style":"default","ast-global-header-display":"","ast-banner-title-visibility":"","ast-main-header-display":"","ast-hfb-above-header-display":"","ast-hfb-below-header-display":"","ast-hfb-mobile-header-display":"","site-post-title":"disabled","ast-breadcrumbs-content":"","ast-featured-img":"disabled","footer-sml-layout":"","theme-transparent-header-meta":"disabled","adv-header-id-meta":"","stick-header-meta":"","header-above-stick-meta":"","header-main-stick-meta":"","header-below-stick-meta":"","astra-migrate-meta-layouts":"default","ast-page-background-enabled":"default","ast-page-background-meta":{"desktop":{"background-color":"","background-image":"","background-repeat":"repeat","background-position":"center center","background-size":"auto","background-attachment":"scroll","background-type":"","background-media":"","overlay-type":"","overlay-color":"","overlay-opacity":"","overlay-gradient":""},"tablet":{"background-color":"","background-image":"","background-repeat":"repeat","background-position":"center center","background-size":"auto","background-attachment":"scroll","background-type":"","background-media":"","overlay-type":"","overlay-color":"","overlay-opacity":"","overlay-gradient":""},"mobile":{"background-color":"","background-image":"","background-repeat":"repeat","background-position":"center center","background-size":"auto","background-attachment":"scroll","background-type":"","background-media":"","overlay-type":"","overlay-color":"","overlay-opacity":"","overlay-gradient":""}},"ast-content-background-meta":{"desktop":{"background-color":"var(--ast-global-color-5)","background-image":"","background-repeat":"repeat","background-position":"center center","background-size":"auto","background-attachment":"scroll","background-type":"","background-media":"","overlay-type":"","overlay-color":"","overlay-opacity":"","overlay-gradient":""},"tablet":{"background-color":"var(--ast-global-color-5)","background-image":"","background-repeat":"repeat","background-position":"center center","background-size":"auto","background-attachment":"scroll","background-type":"","background-media":"","overlay-type":"","overlay-color":"","overlay-opacity":"","overlay-gradient":""},"mobile":{"background-color":"var(--ast-global-color-5)","background-image":"","background-repeat":"repeat","background-position":"center center","background-size":"auto","background-attachment":"scroll","background-type":"","background-media":"","overlay-type":"","overlay-color":"","overlay-opacity":"","overlay-gradient":""}},"footnotes":""},"class_list":["post-272","page","type-page","status-publish","hentry"],"yoast_head":"<!-- This site is optimized with the Yoast SEO plugin v24.9 - https:\/\/yoast.com\/wordpress\/plugins\/seo\/ -->\n<title>Basis - Ing. Johann K\u00f6llich<\/title>\n<meta name=\"robots\" content=\"index, follow, max-snippet:-1, max-image-preview:large, max-video-preview:-1\" \/>\n<link rel=\"canonical\" href=\"https:\/\/koellich.at\/index.php\/about\/\" \/>\n<meta property=\"og:locale\" content=\"de_DE\" \/>\n<meta property=\"og:type\" content=\"article\" \/>\n<meta property=\"og:title\" content=\"Basis - Ing. Johann K\u00f6llich\" \/>\n<meta property=\"og:url\" content=\"https:\/\/koellich.at\/index.php\/about\/\" \/>\n<meta property=\"og:site_name\" content=\"Ing. Johann K\u00f6llich\" \/>\n<meta property=\"article:modified_time\" content=\"2019-11-05T11:23:35+00:00\" \/>\n<meta property=\"og:image\" content=\"https:\/\/koellich.at\/wp-content\/uploads\/2019\/11\/harrer_image-1.jpg\" \/>\n\t<meta property=\"og:image:width\" content=\"1618\" \/>\n\t<meta property=\"og:image:height\" content=\"1000\" \/>\n\t<meta property=\"og:image:type\" content=\"image\/jpeg\" \/>\n<meta name=\"twitter:card\" content=\"summary_large_image\" \/>\n<meta name=\"twitter:label1\" content=\"Gesch\u00e4tzte Lesezeit\" \/>\n\t<meta name=\"twitter:data1\" content=\"2\u00a0Minuten\" \/>\n<script type=\"application\/ld+json\" class=\"yoast-schema-graph\">{\"@context\":\"https:\/\/schema.org\",\"@graph\":[{\"@type\":\"WebPage\",\"@id\":\"https:\/\/koellich.at\/index.php\/about\/\",\"url\":\"https:\/\/koellich.at\/index.php\/about\/\",\"name\":\"Basis - Ing. Johann K\u00f6llich\",\"isPartOf\":{\"@id\":\"https:\/\/koellich.at\/#website\"},\"primaryImageOfPage\":{\"@id\":\"https:\/\/koellich.at\/index.php\/about\/#primaryimage\"},\"image\":{\"@id\":\"https:\/\/koellich.at\/index.php\/about\/#primaryimage\"},\"thumbnailUrl\":\"https:\/\/koellich.at\/wp-content\/uploads\/2019\/11\/harrer_image-1-1024x633.jpg\",\"datePublished\":\"2018-11-27T09:17:08+00:00\",\"dateModified\":\"2019-11-05T11:23:35+00:00\",\"breadcrumb\":{\"@id\":\"https:\/\/koellich.at\/index.php\/about\/#breadcrumb\"},\"inLanguage\":\"de\",\"potentialAction\":[{\"@type\":\"ReadAction\",\"target\":[\"https:\/\/koellich.at\/index.php\/about\/\"]}]},{\"@type\":\"ImageObject\",\"inLanguage\":\"de\",\"@id\":\"https:\/\/koellich.at\/index.php\/about\/#primaryimage\",\"url\":\"https:\/\/koellich.at\/wp-content\/uploads\/2019\/11\/harrer_image-1.jpg\",\"contentUrl\":\"https:\/\/koellich.at\/wp-content\/uploads\/2019\/11\/harrer_image-1.jpg\",\"width\":1618,\"height\":1000},{\"@type\":\"BreadcrumbList\",\"@id\":\"https:\/\/koellich.at\/index.php\/about\/#breadcrumb\",\"itemListElement\":[{\"@type\":\"ListItem\",\"position\":1,\"name\":\"Home\",\"item\":\"https:\/\/koellich.at\/\"},{\"@type\":\"ListItem\",\"position\":2,\"name\":\"Basis\"}]},{\"@type\":\"WebSite\",\"@id\":\"https:\/\/koellich.at\/#website\",\"url\":\"https:\/\/koellich.at\/\",\"name\":\"Ing. Johann K\u00f6llich\",\"description\":\"Menschen begeistern\",\"publisher\":{\"@id\":\"https:\/\/koellich.at\/#organization\"},\"potentialAction\":[{\"@type\":\"SearchAction\",\"target\":{\"@type\":\"EntryPoint\",\"urlTemplate\":\"https:\/\/koellich.at\/?s={search_term_string}\"},\"query-input\":{\"@type\":\"PropertyValueSpecification\",\"valueRequired\":true,\"valueName\":\"search_term_string\"}}],\"inLanguage\":\"de\"},{\"@type\":\"Organization\",\"@id\":\"https:\/\/koellich.at\/#organization\",\"name\":\"Ing. Johann K\u00f6llich\",\"url\":\"https:\/\/koellich.at\/\",\"logo\":{\"@type\":\"ImageObject\",\"inLanguage\":\"de\",\"@id\":\"https:\/\/koellich.at\/#\/schema\/logo\/image\/\",\"url\":\"https:\/\/koellich.at\/wp-content\/uploads\/2019\/11\/cropped-energiefeld_red4_139_0_0_unternehmensberatung-e1574594792497.png\",\"contentUrl\":\"https:\/\/koellich.at\/wp-content\/uploads\/2019\/11\/cropped-energiefeld_red4_139_0_0_unternehmensberatung-e1574594792497.png\",\"width\":60,\"height\":59,\"caption\":\"Ing. Johann K\u00f6llich\"},\"image\":{\"@id\":\"https:\/\/koellich.at\/#\/schema\/logo\/image\/\"}}]}<\/script>\n<!-- \/ Yoast SEO plugin. -->","yoast_head_json":{"title":"Basis - Ing. Johann K\u00f6llich","robots":{"index":"index","follow":"follow","max-snippet":"max-snippet:-1","max-image-preview":"max-image-preview:large","max-video-preview":"max-video-preview:-1"},"canonical":"https:\/\/koellich.at\/index.php\/about\/","og_locale":"de_DE","og_type":"article","og_title":"Basis - Ing. Johann K\u00f6llich","og_url":"https:\/\/koellich.at\/index.php\/about\/","og_site_name":"Ing. Johann K\u00f6llich","article_modified_time":"2019-11-05T11:23:35+00:00","og_image":[{"width":1618,"height":1000,"url":"https:\/\/koellich.at\/wp-content\/uploads\/2019\/11\/harrer_image-1.jpg","type":"image\/jpeg"}],"twitter_card":"summary_large_image","twitter_misc":{"Gesch\u00e4tzte Lesezeit":"2\u00a0Minuten"},"schema":{"@context":"https:\/\/schema.org","@graph":[{"@type":"WebPage","@id":"https:\/\/koellich.at\/index.php\/about\/","url":"https:\/\/koellich.at\/index.php\/about\/","name":"Basis - Ing. Johann K\u00f6llich","isPartOf":{"@id":"https:\/\/koellich.at\/#website"},"primaryImageOfPage":{"@id":"https:\/\/koellich.at\/index.php\/about\/#primaryimage"},"image":{"@id":"https:\/\/koellich.at\/index.php\/about\/#primaryimage"},"thumbnailUrl":"https:\/\/koellich.at\/wp-content\/uploads\/2019\/11\/harrer_image-1-1024x633.jpg","datePublished":"2018-11-27T09:17:08+00:00","dateModified":"2019-11-05T11:23:35+00:00","breadcrumb":{"@id":"https:\/\/koellich.at\/index.php\/about\/#breadcrumb"},"inLanguage":"de","potentialAction":[{"@type":"ReadAction","target":["https:\/\/koellich.at\/index.php\/about\/"]}]},{"@type":"ImageObject","inLanguage":"de","@id":"https:\/\/koellich.at\/index.php\/about\/#primaryimage","url":"https:\/\/koellich.at\/wp-content\/uploads\/2019\/11\/harrer_image-1.jpg","contentUrl":"https:\/\/koellich.at\/wp-content\/uploads\/2019\/11\/harrer_image-1.jpg","width":1618,"height":1000},{"@type":"BreadcrumbList","@id":"https:\/\/koellich.at\/index.php\/about\/#breadcrumb","itemListElement":[{"@type":"ListItem","position":1,"name":"Home","item":"https:\/\/koellich.at\/"},{"@type":"ListItem","position":2,"name":"Basis"}]},{"@type":"WebSite","@id":"https:\/\/koellich.at\/#website","url":"https:\/\/koellich.at\/","name":"Ing. Johann K\u00f6llich","description":"Menschen begeistern","publisher":{"@id":"https:\/\/koellich.at\/#organization"},"potentialAction":[{"@type":"SearchAction","target":{"@type":"EntryPoint","urlTemplate":"https:\/\/koellich.at\/?s={search_term_string}"},"query-input":{"@type":"PropertyValueSpecification","valueRequired":true,"valueName":"search_term_string"}}],"inLanguage":"de"},{"@type":"Organization","@id":"https:\/\/koellich.at\/#organization","name":"Ing. Johann K\u00f6llich","url":"https:\/\/koellich.at\/","logo":{"@type":"ImageObject","inLanguage":"de","@id":"https:\/\/koellich.at\/#\/schema\/logo\/image\/","url":"https:\/\/koellich.at\/wp-content\/uploads\/2019\/11\/cropped-energiefeld_red4_139_0_0_unternehmensberatung-e1574594792497.png","contentUrl":"https:\/\/koellich.at\/wp-content\/uploads\/2019\/11\/cropped-energiefeld_red4_139_0_0_unternehmensberatung-e1574594792497.png","width":60,"height":59,"caption":"Ing. Johann K\u00f6llich"},"image":{"@id":"https:\/\/koellich.at\/#\/schema\/logo\/image\/"}}]}},"uagb_featured_image_src":{"full":false,"thumbnail":false,"medium":false,"medium_large":false,"large":false,"1536x1536":false,"2048x2048":false},"uagb_author_info":{"display_name":"admin","author_link":"https:\/\/koellich.at\/index.php\/author\/hanskoellich\/"},"uagb_comment_info":0,"uagb_excerpt":null,"_links":{"self":[{"href":"https:\/\/koellich.at\/index.php\/wp-json\/wp\/v2\/pages\/272","targetHints":{"allow":["GET"]}}],"collection":[{"href":"https:\/\/koellich.at\/index.php\/wp-json\/wp\/v2\/pages"}],"about":[{"href":"https:\/\/koellich.at\/index.php\/wp-json\/wp\/v2\/types\/page"}],"author":[{"embeddable":true,"href":"https:\/\/koellich.at\/index.php\/wp-json\/wp\/v2\/users\/1"}],"replies":[{"embeddable":true,"href":"https:\/\/koellich.at\/index.php\/wp-json\/wp\/v2\/comments?post=272"}],"version-history":[{"count":56,"href":"https:\/\/koellich.at\/index.php\/wp-json\/wp\/v2\/pages\/272\/revisions"}],"predecessor-version":[{"id":706,"href":"https:\/\/koellich.at\/index.php\/wp-json\/wp\/v2\/pages\/272\/revisions\/706"}],"wp:attachment":[{"href":"https:\/\/koellich.at\/index.php\/wp-json\/wp\/v2\/media?parent=272"}],"curies":[{"name":"wp","href":"https:\/\/api.w.org\/{rel}","templated":true}]}}